{"id":2495,"date":"2024-07-04T19:01:36","date_gmt":"2024-07-04T19:01:36","guid":{"rendered":"https:\/\/jorgeforager.com.br\/?page_id=2495"},"modified":"2024-07-04T19:04:54","modified_gmt":"2024-07-04T19:04:54","slug":"sobre-2","status":"publish","type":"page","link":"https:\/\/jorgeforager.com.br\/en\/sobre-2\/","title":{"rendered":"About"},"content":{"rendered":"<div data-elementor-type=\"wp-post\" data-elementor-id=\"2495\" class=\"elementor elementor-2495\" data-elementor-post-type=\"page\">\n\t\t\t\t\t\t<section class=\"elementor-section elementor-top-section elementor-element elementor-element-7f56d86 elementor-section-boxed elementor-section-height-default elementor-section-height-default\" data-id=\"7f56d86\" data-element_type=\"section\">\n\t\t\t\t\t\t<div class=\"elementor-container elementor-column-gap-default\">\n\t\t\t\t\t<div class=\"elementor-column elementor-col-66 elementor-top-column elementor-element elementor-element-6c2dd5c\" data-id=\"6c2dd5c\" data-element_type=\"column\">\n\t\t\t<div class=\"elementor-widget-wrap elementor-element-populated\">\n\t\t\t\t\t\t<div class=\"elementor-element elementor-element-82f9958 elementor-widget elementor-widget-image\" data-id=\"82f9958\" data-element_type=\"widget\" data-widget_type=\"image.default\">\n\t\t\t\t<div class=\"elementor-widget-container\">\n\t\t\t\t\t\t\t\t\t\t\t\t\t\t\t<img decoding=\"async\" src=\"https:\/\/jorgeforager.com.br\/wp-content\/uploads\/2021\/05\/1IMG_4048-600x400.jpg\" title=\"1IMG_4048\" alt=\"1IMG_4048\" loading=\"lazy\" \/>\t\t\t\t\t\t\t\t\t\t\t\t\t\t\t<\/div>\n\t\t\t\t<\/div>\n\t\t\t\t\t<\/div>\n\t\t<\/div>\n\t\t\t\t<div class=\"elementor-column elementor-col-33 elementor-top-column elementor-element elementor-element-1384751\" data-id=\"1384751\" data-element_type=\"column\">\n\t\t\t<div class=\"elementor-widget-wrap elementor-element-populated\">\n\t\t\t\t\t\t<div class=\"elementor-element elementor-element-1dca66c4 elementor-widget-divider--view-line elementor-widget elementor-widget-divider\" data-id=\"1dca66c4\" data-element_type=\"widget\" data-widget_type=\"divider.default\">\n\t\t\t\t<div class=\"elementor-widget-container\">\n\t\t\t\t\t\t\t<div class=\"elementor-divider\">\n\t\t\t<span class=\"elementor-divider-separator\">\n\t\t\t\t\t\t<\/span>\n\t\t<\/div>\n\t\t\t\t\t\t<\/div>\n\t\t\t\t<\/div>\n\t\t\t\t<div class=\"elementor-element elementor-element-253d822f elementor-widget elementor-widget-heading\" data-id=\"253d822f\" data-element_type=\"widget\" data-widget_type=\"heading.default\">\n\t\t\t\t<div class=\"elementor-widget-container\">\n\t\t\t\t\t<h2 class=\"elementor-heading-title elementor-size-default\">Path taken<\/h2>\t\t\t\t<\/div>\n\t\t\t\t<\/div>\n\t\t\t\t<div class=\"elementor-element elementor-element-13a9b180 elementor-widget elementor-widget-text-editor\" data-id=\"13a9b180\" data-element_type=\"widget\" data-widget_type=\"text-editor.default\">\n\t\t\t\t<div class=\"elementor-widget-container\">\n\t\t\t\t\t\t\t\t\t<p>Filho de raizeiro e curandeira nordestinos, Jorge t\u00eam a mata como refugio desde pequeno onde aprendeu apreciar o sil\u00eancio e mergulhar com a alma em todo pequeno ecossistema. Tamb\u00e9m conhecido como Forager por suas habilidades de explorar e coletar a natureza selvagem, herdou da fam\u00edlia o amor e o cuidado pela terra e aprendeu desde cedo a viver em comunh\u00e3o com a floresta. Seu esp\u00edrito observador e sua curiosidade o levaram a estudar e pesquisar, de forma autodidata, sobre a biodiversidade na Mata Atl\u00e2ntica, principalmente, plantas e cogumelos com potencial gastron\u00f4mico e medicinal.<\/p>\t\t\t\t\t\t\t\t<\/div>\n\t\t\t\t<\/div>\n\t\t\t\t\t<\/div>\n\t\t<\/div>\n\t\t\t\t\t<\/div>\n\t\t<\/section>\n\t\t\t\t<section class=\"elementor-section elementor-top-section elementor-element elementor-element-758d8c04 elementor-section-content-middle elementor-section-boxed elementor-section-height-default elementor-section-height-default\" data-id=\"758d8c04\" data-element_type=\"section\">\n\t\t\t\t\t\t<div class=\"elementor-container elementor-column-gap-wide\">\n\t\t\t\t\t<div class=\"elementor-column elementor-col-100 elementor-top-column elementor-element elementor-element-15249d1d\" data-id=\"15249d1d\" data-element_type=\"column\">\n\t\t\t<div class=\"elementor-widget-wrap elementor-element-populated\">\n\t\t\t\t\t\t<div class=\"elementor-element elementor-element-69a2cc8 elementor-widget elementor-widget-text-editor\" data-id=\"69a2cc8\" data-element_type=\"widget\" data-widget_type=\"text-editor.default\">\n\t\t\t\t<div class=\"elementor-widget-container\">\n\t\t\t\t\t\t\t\t\t<p>De vida aut\u00f4noma h\u00e1 mais de 15 anos, \u00e9 consultor ambiental, gastron\u00f4mico, farmac\u00eautico e cosmet\u00f3logo. Envolvido com pesquisadores como Nelson Menolli Jr. e Mariana Drewinski, ONGs e projetos ambientas, estrutura invent\u00e1rios florestais e flor\u00edsticos mapeando a biodiversidade local, projeta e implementa sistemas agroflorestais com objetivo de enriquecer o solo e valorizar a rela\u00e7\u00e3o homem-natureza. Dedica-se tamb\u00e9m \u00e0 propaga\u00e7\u00e3o de ingredientes brasileiros e ao resgate cultural gastron\u00f4mico, construindo a sua hist\u00f3ria ao lado de Chefs como Ana Bueno, Bel Coelho, Henrique Gilberto e L\u00e9o Botto.<\/p><p>Fez interc\u00e2mbio na Inglaterra, na empresa\u00a0<a href=\"https:\/\/www.forager.org.uk\/\" target=\"_blank\" rel=\"noopener\">Forager Ltd.<\/a>, especializada em coleta e comercializa\u00e7\u00e3o de plantas selvagens e j\u00e1 palestrou em eventos como FRU.TO, Viva a Mata da Funda\u00e7\u00e3o Mata Atl\u00e2ntica e Sess\u00e3o C5 do Centro de Cultura Culin\u00e1ria C\u00e2mara Cascudo ao lado de grandes refer\u00eancias como o pesquisador e especialista em fungos, Marcelo Sulzbacher, da pesquisadora Mariana Capelari e do chef Alex Atala, onde explanou sobre a biodiversidade aliment\u00edcia da Mata Atl\u00e2ntica e seu potencial gastron\u00f4mico.<\/p><p>Como polinizador destes conhecimentos, ministra <a href=\"https:\/\/jorgeforager.com.br\/en\/agenda\/\" target=\"_blank\" rel=\"noopener\">oficinas, cursos e viv\u00eancias<\/a> sobre educa\u00e7\u00e3o ambiental, cogumelos, plantas aliment\u00edcias n\u00e3o convencionais (PANCs) e sistemas agroflorestais para adultos e crian\u00e7as al\u00e9m de promover expedi\u00e7\u00f5es individuais e em grupos pela Mata Atl\u00e2ntica.<\/p>\t\t\t\t\t\t\t\t<\/div>\n\t\t\t\t<\/div>\n\t\t\t\t\t<\/div>\n\t\t<\/div>\n\t\t\t\t\t<\/div>\n\t\t<\/section>\n\t\t\t\t<section class=\"elementor-section elementor-top-section elementor-element elementor-element-16793481 elementor-section-height-min-height elementor-section-items-stretch elementor-section-content-middle elementor-section-boxed elementor-section-height-default\" data-id=\"16793481\" data-element_type=\"section\" data-settings=\"{&quot;background_background&quot;:&quot;gradient&quot;,&quot;shape_divider_bottom&quot;:&quot;curve&quot;,&quot;shape_divider_top&quot;:&quot;tilt&quot;}\">\n\t\t\t\t\t\t\t<div class=\"elementor-background-overlay\"><\/div>\n\t\t\t\t\t\t<div class=\"elementor-shape elementor-shape-top\" aria-hidden=\"true\" data-negative=\"false\">\n\t\t\t<svg xmlns=\"http:\/\/www.w3.org\/2000\/svg\" viewbox=\"0 0 1000 100\" preserveaspectratio=\"none\">\n\t<path class=\"elementor-shape-fill\" d=\"M0,6V0h1000v100L0,6z\"\/>\n<\/svg>\t\t<\/div>\n\t\t\t\t<div class=\"elementor-shape elementor-shape-bottom\" aria-hidden=\"true\" data-negative=\"false\">\n\t\t\t<svg xmlns=\"http:\/\/www.w3.org\/2000\/svg\" viewbox=\"0 0 1000 100\" preserveaspectratio=\"none\">\n    <path class=\"elementor-shape-fill\" d=\"M1000,4.3V0H0v4.3C0.9,23.1,126.7,99.2,500,100S1000,22.7,1000,4.3z\"\/>\n<\/svg>\t\t<\/div>\n\t\t\t\t\t<div class=\"elementor-container elementor-column-gap-wide\">\n\t\t\t\t\t<div class=\"elementor-column elementor-col-100 elementor-top-column elementor-element elementor-element-14115da3\" data-id=\"14115da3\" data-element_type=\"column\">\n\t\t\t<div class=\"elementor-widget-wrap elementor-element-populated\">\n\t\t\t\t\t\t<div class=\"elementor-element elementor-element-29baaefc elementor-widget elementor-widget-heading\" data-id=\"29baaefc\" data-element_type=\"widget\" data-widget_type=\"heading.default\">\n\t\t\t\t<div class=\"elementor-widget-container\">\n\t\t\t\t\t<h2 class=\"elementor-heading-title elementor-size-default\">Being in nature<\/h2>\t\t\t\t<\/div>\n\t\t\t\t<\/div>\n\t\t\t\t<div class=\"elementor-element elementor-element-3f6f62b0 elementor-widget-divider--view-line elementor-widget elementor-widget-divider\" data-id=\"3f6f62b0\" data-element_type=\"widget\" data-widget_type=\"divider.default\">\n\t\t\t\t<div class=\"elementor-widget-container\">\n\t\t\t\t\t\t\t<div class=\"elementor-divider\">\n\t\t\t<span class=\"elementor-divider-separator\">\n\t\t\t\t\t\t<\/span>\n\t\t<\/div>\n\t\t\t\t\t\t<\/div>\n\t\t\t\t<\/div>\n\t\t\t\t<div class=\"elementor-element elementor-element-29bdfd1d elementor-widget elementor-widget-text-editor\" data-id=\"29bdfd1d\" data-element_type=\"widget\" data-widget_type=\"text-editor.default\">\n\t\t\t\t<div class=\"elementor-widget-container\">\n\t\t\t\t\t\t\t\t\t<blockquote><p>A minha vida inteira foi acordar e, pela luz do dia, entender o que deveria fazer: se faz sol, vou capinar; se chove, vou limpar o bananal; se estou sem coragem, vou andar na mata e observar p\u00e1ssaros. Acho que esse \u00e9 o projeto de minha vida, \u00e9 quando meu cora\u00e7\u00e3o fica mais feliz, quando posso tomar a decis\u00e3o org\u00e2nica para meu dia&#8230;<\/p><\/blockquote><p><img fetchpriority=\"high\" decoding=\"async\" class=\"aligncenter wp-image-3359 size-large\" src=\"https:\/\/jorgeforager.com.br\/wp-content\/uploads\/2022\/01\/okIMG_9398-1024x683.jpg\" alt=\"\" width=\"1024\" height=\"683\" srcset=\"https:\/\/jorgeforager.com.br\/wp-content\/uploads\/2022\/01\/okIMG_9398-1024x683.jpg 1024w, https:\/\/jorgeforager.com.br\/wp-content\/uploads\/2022\/01\/okIMG_9398-300x200.jpg 300w, https:\/\/jorgeforager.com.br\/wp-content\/uploads\/2022\/01\/okIMG_9398-768x512.jpg 768w, https:\/\/jorgeforager.com.br\/wp-content\/uploads\/2022\/01\/okIMG_9398-391x260.jpg 391w, https:\/\/jorgeforager.com.br\/wp-content\/uploads\/2022\/01\/okIMG_9398-600x400.jpg 600w, https:\/\/jorgeforager.com.br\/wp-content\/uploads\/2022\/01\/okIMG_9398.jpg 1500w\" sizes=\"(max-width: 1024px) 100vw, 1024px\" \/><\/p><p>I'm Jorge Alves da Silva Ferreira, son of northeasterners.<\/p><p>Meu pai, Jos\u00e9 Ferreira, e minha m\u00e3e, Carmelita, s\u00e3o nascidos e criados em Pernambuco, filhos de agricultores, e h\u00e1 30 anos migraram para o Rio de Janeiro, Cabo Frio, onde eu nasci.<\/p><p>Depois de uma tentativa de retorno para o nordeste, decidiram voltar para o RJ, s\u00f3 que dessa vez para Paraty&#8230; Lugar que meu pai j\u00e1 conhecia, pois ia para passear e era apaixonado por l\u00e1.<\/p><p>Nessa volta, minha fam\u00edlia se instalou no S\u00edtio S\u00e3o Jos\u00e9, propriedade que meu pai comprou pois sempre teve o sonho de criar os filhos dentro desse universo da produ\u00e7\u00e3o de alimentos. Eu tinha 5 anos de idade e meus dois irm\u00e3os eram mais novos.<\/p><p>Nossa casa ficava a quase 3 km de dist\u00e2ncia da parte urbana e era preciso andar numa trilha dentro da Mata Atl\u00e2ntica. Por estar distante, n\u00e3o fui \u00e0 escola, sendo alfabetizado pela minha m\u00e3e. Acompanhava meu pai no dia a dia das suas atividades, plantando banana, inhame, milho, e acompanhei todo o processo da agricultura de base familiar.<\/p><p>Fui criado comendo tapioca, biju, farinha\u2026 Tudo produzido ali mesmo e por n\u00f3s.\u00a0<\/p><p>It was after a financial crisis, mainly related to the difficulty of selling products, that my father had contact with a different type of agriculture, agroforestry. We went from producing focused on commerce to choosing what and how to cultivate, in a more harmonious way with the forest and with greater self-sufficiency.\u00a0<\/p>\t\t\t\t\t\t\t\t<\/div>\n\t\t\t\t<\/div>\n\t\t\t\t<div class=\"elementor-element elementor-element-68aae2d elementor-widget elementor-widget-image\" data-id=\"68aae2d\" data-element_type=\"widget\" data-widget_type=\"image.default\">\n\t\t\t\t<div class=\"elementor-widget-container\">\n\t\t\t\t\t\t\t\t\t\t\t\t\t\t\t<img decoding=\"async\" width=\"435\" height=\"277\" src=\"https:\/\/jorgeforager.com.br\/wp-content\/uploads\/2021\/06\/Jorge_familia_Sitio_Sao_Jose.png\" class=\"attachment-large size-large wp-image-2124\" alt=\"\" srcset=\"https:\/\/jorgeforager.com.br\/wp-content\/uploads\/2021\/06\/Jorge_familia_Sitio_Sao_Jose.png 435w, https:\/\/jorgeforager.com.br\/wp-content\/uploads\/2021\/06\/Jorge_familia_Sitio_Sao_Jose-300x191.png 300w\" sizes=\"(max-width: 435px) 100vw, 435px\" \/>\t\t\t\t\t\t\t\t\t\t\t\t\t\t\t<\/div>\n\t\t\t\t<\/div>\n\t\t\t\t\t<\/div>\n\t\t<\/div>\n\t\t\t\t\t<\/div>\n\t\t<\/section>\n\t\t\t\t<section class=\"elementor-section elementor-top-section elementor-element elementor-element-401939fb elementor-section-boxed elementor-section-height-default elementor-section-height-default\" data-id=\"401939fb\" data-element_type=\"section\">\n\t\t\t\t\t\t<div class=\"elementor-container elementor-column-gap-wide\">\n\t\t\t\t\t<div class=\"elementor-column elementor-col-100 elementor-top-column elementor-element elementor-element-6ef516d5\" data-id=\"6ef516d5\" data-element_type=\"column\">\n\t\t\t<div class=\"elementor-widget-wrap elementor-element-populated\">\n\t\t\t\t\t\t<div class=\"elementor-element elementor-element-46b1abf6 elementor-widget-divider--view-line elementor-widget elementor-widget-divider\" data-id=\"46b1abf6\" data-element_type=\"widget\" data-widget_type=\"divider.default\">\n\t\t\t\t<div class=\"elementor-widget-container\">\n\t\t\t\t\t\t\t<div class=\"elementor-divider\">\n\t\t\t<span class=\"elementor-divider-separator\">\n\t\t\t\t\t\t<\/span>\n\t\t<\/div>\n\t\t\t\t\t\t<\/div>\n\t\t\t\t<\/div>\n\t\t\t\t<div class=\"elementor-element elementor-element-7b312b02 elementor-widget elementor-widget-heading\" data-id=\"7b312b02\" data-element_type=\"widget\" data-widget_type=\"heading.default\">\n\t\t\t\t<div class=\"elementor-widget-container\">\n\t\t\t\t\t<h2 class=\"elementor-heading-title elementor-size-default\">From Jorge Ferreira to Jorge Forager<\/h2>\t\t\t\t<\/div>\n\t\t\t\t<\/div>\n\t\t\t\t<div class=\"elementor-element elementor-element-43e96b94 elementor-widget elementor-widget-text-editor\" data-id=\"43e96b94\" data-element_type=\"widget\" data-widget_type=\"text-editor.default\">\n\t\t\t\t<div class=\"elementor-widget-container\">\n\t\t\t\t\t\t\t\t\t<p>It was at this time that my gaze at nature sharpened even more and I created a new relationship with my surroundings. I started looking for species in the forest that were interesting for our food and without knowing I was entering the universe of <a href=\"https:\/\/jorgeforager.com.br\/en\/experiencia-forager\/\">experience<\/a>, to collect in nature. I learned in practice about wild and medicinal plants \u2013 in fact, food and medicine are often the same thing. As I was already interested in botany (at that time I didn't even know it was called that!), I dedicated myself to studying all the plants I could and specialized in it.<\/p><p>The combination of an agroforestry system, collecting food in the forest and the medicinal use of plants was consolidating in me a vision of the world. I perceived the human being as an integral part of nature and felt the need to create another relationship with our surroundings, with more connection, respect and synergy. I saw that we can be and benefit from the forest in a sustainable way.\u00a0<\/p><p>Whatever biome I'm in, I look around and see so many possibilities in biodiversity. I see food, I see healing, I see flavors, I see pigments, I see odors... And that's what we know only a small part of all the potential that there is in the forest! All this fascinates and motivates me a lot.\u00a0<\/p><p>I always seek to be present in every moment, bringing attention, intention and intensity to my actions. Experience and share flavors, aromas, sensations and knowledge. In this passionate universe, I found myself and I found, not just a profession, but a way of living life.<\/p>\t\t\t\t\t\t\t\t<\/div>\n\t\t\t\t<\/div>\n\t\t\t\t<div class=\"elementor-element elementor-element-fd4f9f3 elementor-arrows-position-inside elementor-widget elementor-widget-image-carousel\" data-id=\"fd4f9f3\" data-element_type=\"widget\" data-settings=\"{&quot;slides_to_show&quot;:&quot;1&quot;,&quot;navigation&quot;:&quot;arrows&quot;,&quot;autoplay&quot;:&quot;yes&quot;,&quot;pause_on_hover&quot;:&quot;yes&quot;,&quot;pause_on_interaction&quot;:&quot;yes&quot;,&quot;autoplay_speed&quot;:5000,&quot;infinite&quot;:&quot;yes&quot;,&quot;effect&quot;:&quot;slide&quot;,&quot;speed&quot;:500}\" data-widget_type=\"image-carousel.default\">\n\t\t\t\t<div class=\"elementor-widget-container\">\n\t\t\t\t\t\t\t<div class=\"elementor-image-carousel-wrapper swiper\" role=\"region\" aria-roledescription=\"carousel\" aria-label=\"Image Carousel\" dir=\"ltr\">\n\t\t\t<div class=\"elementor-image-carousel swiper-wrapper\" aria-live=\"off\">\n\t\t\t\t\t\t\t\t<div class=\"swiper-slide\" role=\"group\" aria-roledescription=\"slide\" aria-label=\"1 of 3\"><figure class=\"swiper-slide-inner\"><img decoding=\"async\" class=\"swiper-slide-image\" src=\"https:\/\/jorgeforager.com.br\/wp-content\/uploads\/2021\/06\/IMG_5868-768x512.jpg\" alt=\"IMG_5868\" \/><\/figure><\/div><div class=\"swiper-slide\" role=\"group\" aria-roledescription=\"slide\" aria-label=\"2 of 3\"><figure class=\"swiper-slide-inner\"><img decoding=\"async\" class=\"swiper-slide-image\" src=\"https:\/\/jorgeforager.com.br\/wp-content\/uploads\/2021\/06\/e2c34d6c-ab4c-4223-a433-26078944f8b4-768x432.jpg\" alt=\"e2c34d6c-ab4c-4223-a433-26078944f8b4\" \/><\/figure><\/div><div class=\"swiper-slide\" role=\"group\" aria-roledescription=\"slide\" aria-label=\"3 of 3\"><figure class=\"swiper-slide-inner\"><img decoding=\"async\" class=\"swiper-slide-image\" src=\"https:\/\/jorgeforager.com.br\/wp-content\/uploads\/2021\/06\/IMG_9720-768x512.jpg\" alt=\"IMG_9720\" \/><\/figure><\/div>\t\t\t<\/div>\n\t\t\t\t\t\t\t\t\t\t\t\t<div class=\"elementor-swiper-button elementor-swiper-button-prev\" role=\"button\" tabindex=\"0\">\n\t\t\t\t\t\t<i aria-hidden=\"true\" class=\"eicon-chevron-left\"><\/i>\t\t\t\t\t<\/div>\n\t\t\t\t\t<div class=\"elementor-swiper-button elementor-swiper-button-next\" role=\"button\" tabindex=\"0\">\n\t\t\t\t\t\t<i aria-hidden=\"true\" class=\"eicon-chevron-right\"><\/i>\t\t\t\t\t<\/div>\n\t\t\t\t\n\t\t\t\t\t\t\t\t\t<\/div>\n\t\t\t\t\t\t<\/div>\n\t\t\t\t<\/div>\n\t\t\t\t\t<\/div>\n\t\t<\/div>\n\t\t\t\t\t<\/div>\n\t\t<\/section>\n\t\t\t\t<\/div>","protected":false},"excerpt":{"rendered":"<p>Caminho percorrido Filho de raizeiro e curandeira nordestinos, Jorge t\u00eam a mata como refugio desde pequeno onde aprendeu apreciar o sil\u00eancio e mergulhar com a alma em todo pequeno ecossistema. Tamb\u00e9m conhecido como Forager por suas habilidades de explorar e coletar a natureza selvagem, herdou da fam\u00edlia o amor e o cuidado pela terra e [&hellip;]<\/p>","protected":false},"author":1,"featured_media":0,"parent":0,"menu_order":0,"comment_status":"closed","ping_status":"closed","template":"","meta":{"site-sidebar-layout":"no-sidebar","site-content-layout":"page-builder","ast-site-content-layout":"default","site-content-style":"default","site-sidebar-style":"default","ast-global-header-display":"","ast-banner-title-visibility":"","ast-main-header-display":"","ast-hfb-above-header-display":"","ast-hfb-below-header-display":"","ast-hfb-mobile-header-display":"","site-post-title":"disabled","ast-breadcrumbs-content":"","ast-featured-img":"disabled","footer-sml-layout":"","ast-disable-related-posts":"","theme-transparent-header-meta":"default","adv-header-id-meta":"","stick-header-meta":"","header-above-stick-meta":"","header-main-stick-meta":"","header-below-stick-meta":"","astra-migrate-meta-layouts":"default","ast-page-background-enabled":"default","ast-page-background-meta":{"desktop":{"background-color":"","background-image":"","background-repeat":"repeat","background-position":"center center","background-size":"auto","background-attachment":"scroll","background-type":"","background-media":"","overlay-type":"","overlay-color":"","overlay-opacity":"","overlay-gradient":""},"tablet":{"background-color":"","background-image":"","background-repeat":"repeat","background-position":"center center","background-size":"auto","background-attachment":"scroll","background-type":"","background-media":"","overlay-type":"","overlay-color":"","overlay-opacity":"","overlay-gradient":""},"mobile":{"background-color":"","background-image":"","background-repeat":"repeat","background-position":"center center","background-size":"auto","background-attachment":"scroll","background-type":"","background-media":"","overlay-type":"","overlay-color":"","overlay-opacity":"","overlay-gradient":""}},"ast-content-background-meta":{"desktop":{"background-color":"var(--ast-global-color-5)","background-image":"","background-repeat":"repeat","background-position":"center center","background-size":"auto","background-attachment":"scroll","background-type":"","background-media":"","overlay-type":"","overlay-color":"","overlay-opacity":"","overlay-gradient":""},"tablet":{"background-color":"var(--ast-global-color-5)","background-image":"","background-repeat":"repeat","background-position":"center center","background-size":"auto","background-attachment":"scroll","background-type":"","background-media":"","overlay-type":"","overlay-color":"","overlay-opacity":"","overlay-gradient":""},"mobile":{"background-color":"var(--ast-global-color-5)","background-image":"","background-repeat":"repeat","background-position":"center center","background-size":"auto","background-attachment":"scroll","background-type":"","background-media":"","overlay-type":"","overlay-color":"","overlay-opacity":"","overlay-gradient":""}},"footnotes":""},"class_list":["post-2495","page","type-page","status-publish","hentry"],"_links":{"self":[{"href":"https:\/\/jorgeforager.com.br\/en\/wp-json\/wp\/v2\/pages\/2495","targetHints":{"allow":["GET"]}}],"collection":[{"href":"https:\/\/jorgeforager.com.br\/en\/wp-json\/wp\/v2\/pages"}],"about":[{"href":"https:\/\/jorgeforager.com.br\/en\/wp-json\/wp\/v2\/types\/page"}],"author":[{"embeddable":true,"href":"https:\/\/jorgeforager.com.br\/en\/wp-json\/wp\/v2\/users\/1"}],"replies":[{"embeddable":true,"href":"https:\/\/jorgeforager.com.br\/en\/wp-json\/wp\/v2\/comments?post=2495"}],"version-history":[{"count":3,"href":"https:\/\/jorgeforager.com.br\/en\/wp-json\/wp\/v2\/pages\/2495\/revisions"}],"predecessor-version":[{"id":4337,"href":"https:\/\/jorgeforager.com.br\/en\/wp-json\/wp\/v2\/pages\/2495\/revisions\/4337"}],"wp:attachment":[{"href":"https:\/\/jorgeforager.com.br\/en\/wp-json\/wp\/v2\/media?parent=2495"}],"curies":[{"name":"wp","href":"https:\/\/api.w.org\/{rel}","templated":true}]}}