{"id":4658,"date":"2025-08-06T18:18:29","date_gmt":"2025-08-06T18:18:29","guid":{"rendered":"https:\/\/jorgeforager.com.br\/?post_type=product&#038;p=4658"},"modified":"2026-03-23T13:47:38","modified_gmt":"2026-03-23T13:47:38","slug":"guia-de-plantas-medicinais-nativas-e-naturalizadas-na-mata-atlantica","status":"publish","type":"product","link":"https:\/\/jorgeforager.com.br\/en\/product\/guia-de-plantas-medicinais-nativas-e-naturalizadas-na-mata-atlantica\/","title":{"rendered":"Guia de Plantas Medicinais nativas e naturalizadas na Mata Atl\u00e2ntica"},"content":{"rendered":"","protected":false},"excerpt":{"rendered":"<p><i><span style=\"font-weight: 400;\">Essa \u00e9 uma cole\u00e7\u00e3o de 50 cartas destacando plantas da mata atl\u00e2ntica que s\u00e3o conhecidas por seus poderes de cura e propriedades medicinais.<\/span><\/i><\/p>\n<p><i><span style=\"font-weight: 400;\">As cartas contam com ilustra\u00e7\u00f5es das primeiras gera\u00e7\u00f5es de naturalistas que viajaram pela Am\u00e9rica do Sul para conhecer e catalogar a fauna e flora local al\u00e9m de informa\u00e7\u00f5es detalhadas que permitem que voc\u00ea possa identificar a aprender mais sobre o universo das plantas medicinais.\u00a0<\/span><\/i><\/p>\n<p><i><span style=\"font-weight: 400;\">Esse \u00e9 um guia de bolso essencial para quem se interessa por bot\u00e2nica, arte e pela Mata Atl\u00e2ntica. Desenvolvido por Jorge Ferreira e Caio Antunes ao longo de 2025 na cidade de Paraty.<\/span><\/i><\/p>","protected":false},"featured_media":4614,"comment_status":"open","ping_status":"closed","template":"","meta":{"site-sidebar-layout":"default","site-content-layout":"","ast-site-content-layout":"default","site-content-style":"default","site-sidebar-style":"default","ast-global-header-display":"","ast-banner-title-visibility":"","ast-main-header-display":"","ast-hfb-above-header-display":"","ast-hfb-below-header-display":"","ast-hfb-mobile-header-display":"","site-post-title":"","ast-breadcrumbs-content":"","ast-featured-img":"","footer-sml-layout":"","ast-disable-related-posts":"","theme-transparent-header-meta":"default","adv-header-id-meta":"","stick-header-meta":"default","header-above-stick-meta":"","header-main-stick-meta":"","header-below-stick-meta":"","astra-migrate-meta-layouts":"set","ast-page-background-enabled":"default","ast-page-background-meta":{"desktop":{"background-color":"","background-image":"","background-repeat":"repeat","background-position":"center center","background-size":"auto","background-attachment":"scroll","background-type":"","background-media":"","overlay-type":"","overlay-color":"","overlay-opacity":"","overlay-gradient":""},"tablet":{"background-color":"","background-image":"","background-repeat":"repeat","background-position":"center center","background-size":"auto","background-attachment":"scroll","background-type":"","background-media":"","overlay-type":"","overlay-color":"","overlay-opacity":"","overlay-gradient":""},"mobile":{"background-color":"","background-image":"","background-repeat":"repeat","background-position":"center center","background-size":"auto","background-attachment":"scroll","background-type":"","background-media":"","overlay-type":"","overlay-color":"","overlay-opacity":"","overlay-gradient":""}},"ast-content-background-meta":{"desktop":{"background-color":"var(--ast-global-color-5)","background-image":"","background-repeat":"repeat","background-position":"center center","background-size":"auto","background-attachment":"scroll","background-type":"","background-media":"","overlay-type":"","overlay-color":"","overlay-opacity":"","overlay-gradient":""},"tablet":{"background-color":"var(--ast-global-color-5)","background-image":"","background-repeat":"repeat","background-position":"center center","background-size":"auto","background-attachment":"scroll","background-type":"","background-media":"","overlay-type":"","overlay-color":"","overlay-opacity":"","overlay-gradient":""},"mobile":{"background-color":"var(--ast-global-color-5)","background-image":"","background-repeat":"repeat","background-position":"center center","background-size":"auto","background-attachment":"scroll","background-type":"","background-media":"","overlay-type":"","overlay-color":"","overlay-opacity":"","overlay-gradient":""}}},"product_brand":[],"product_cat":[193],"product_tag":[],"class_list":{"0":"post-4658","1":"product","2":"type-product","3":"status-publish","4":"has-post-thumbnail","6":"product_cat-guias-impressos","7":"desktop-align-left","8":"tablet-align-left","9":"mobile-align-left","10":"ast-product-gallery-layout-vertical","11":"ast-product-tabs-layout-horizontal","13":"first","14":"instock","15":"sale","16":"shipping-taxable","17":"purchasable","18":"product-type-simple"},"_links":{"self":[{"href":"https:\/\/jorgeforager.com.br\/en\/wp-json\/wp\/v2\/product\/4658","targetHints":{"allow":["GET"]}}],"collection":[{"href":"https:\/\/jorgeforager.com.br\/en\/wp-json\/wp\/v2\/product"}],"about":[{"href":"https:\/\/jorgeforager.com.br\/en\/wp-json\/wp\/v2\/types\/product"}],"replies":[{"embeddable":true,"href":"https:\/\/jorgeforager.com.br\/en\/wp-json\/wp\/v2\/comments?post=4658"}],"wp:featuredmedia":[{"embeddable":true,"href":"https:\/\/jorgeforager.com.br\/en\/wp-json\/wp\/v2\/media\/4614"}],"wp:attachment":[{"href":"https:\/\/jorgeforager.com.br\/en\/wp-json\/wp\/v2\/media?parent=4658"}],"wp:term":[{"taxonomy":"product_brand","embeddable":true,"href":"https:\/\/jorgeforager.com.br\/en\/wp-json\/wp\/v2\/product_brand?post=4658"},{"taxonomy":"product_cat","embeddable":true,"href":"https:\/\/jorgeforager.com.br\/en\/wp-json\/wp\/v2\/product_cat?post=4658"},{"taxonomy":"product_tag","embeddable":true,"href":"https:\/\/jorgeforager.com.br\/en\/wp-json\/wp\/v2\/product_tag?post=4658"}],"curies":[{"name":"wp","href":"https:\/\/api.w.org\/{rel}","templated":true}]}}